{"id":209,"date":"2017-09-01T18:44:54","date_gmt":"2017-09-01T18:44:54","guid":{"rendered":"http:\/\/themenectar.com\/demo\/salient-corporate-2\/?page_id=209"},"modified":"2025-05-15T14:43:26","modified_gmt":"2025-05-15T12:43:26","slug":"articulos-legales","status":"publish","type":"page","link":"https:\/\/asgestoria.com\/en\/articulos-legales\/","title":{"rendered":"Blog"},"content":{"rendered":"<div id=\"fws_69e03a0a29c3b\"  data-column-margin=\"default\" data-midnight=\"dark\"  class=\"wpb_row vc_row-fluid vc_row full-width-section\"  style=\"padding-top: 0px; padding-bottom: 60px; \"><div class=\"row-bg-wrap\" data-bg-animation=\"none\" data-bg-animation-delay=\"\" data-bg-overlay=\"false\"><div class=\"inner-wrap row-bg-layer\" ><div class=\"row-bg viewport-desktop\"  style=\"\"><\/div><\/div><\/div><div class=\"row_col_wrap_12 col span_12 dark left\">\n\t<div  class=\"vc_col-sm-12 wpb_column column_container vc_column_container col no-extra-padding inherit_tablet inherit_phone\"  data-padding-pos=\"all\" data-has-bg-color=\"false\" data-bg-color=\"\" data-bg-opacity=\"1\" data-animation=\"\" data-delay=\"0\" >\n\t\t<div class=\"vc_column-inner\" >\n\t\t\t<div class=\"wpb_wrapper\">\n\t\t\t\t<div id=\"rps_69e03a0a2b3b8\" class=\"nectar-recent-posts-single_featured nectar-recent-posts-element parallax_section\" data-max-width=\"default\" data-align=\"middle\" data-side-spacing=\"default\" data-padding=\"8%\" data-bg-overlay=\"solid_color\" data-height=\"600\" data-animate-in-effect=\"fade-in\" data-remove-post-date=\"\" data-remove-post-author=\"\" data-remove-post-comment-number=\"\" data-remove-post-nectar-love=\"\">\n      \n      <div class=\"nectar-recent-post-slide  post-ref-0\">\n\n        <div class=\"row-bg using-image\" data-parallax-speed=\"fast\">\n          <div class=\"nectar-recent-post-bg\"  style=\"background-image: url(https:\/\/asgestoria.com\/wp-content\/uploads\/2025\/03\/10.jpg); \"><\/div>\n        <\/div>\n\n        <div class=\"recent-post-container container\"><div class=\"inner-wrap\"><div class=\"grav-wrap\"><a href=\"https:\/\/asgestoria.com\/en\/author\/asgestoria\/\"><img alt='ASGestoria' src='https:\/\/secure.gravatar.com\/avatar\/354f7bb0f8fc122f4a8891a0bcf687dd0e0eb4c3d3cdd42714865b53345d384a?s=70&#038;d=mm&#038;r=g' srcset='https:\/\/secure.gravatar.com\/avatar\/354f7bb0f8fc122f4a8891a0bcf687dd0e0eb4c3d3cdd42714865b53345d384a?s=140&#038;d=mm&#038;r=g 2x' class='avatar avatar-70 photo' height='70' width='70' \/><\/a><div class=\"text\"><span>By <a href=\"https:\/\/asgestoria.com\/en\/author\/asgestoria\/\" rel=\"author\">ASGestoria<\/a><\/span><span> In<\/span> <a class=\"trafico\" href=\"https:\/\/asgestoria.com\/en\/category\/trafico\/\"><span class=\"trafico\">Tr\u00e1fico<\/span><\/a><\/div><\/div><h2 class=\"large-featured-post-title post-ref-1\">          <a href=\" https:\/\/asgestoria.com\/en\/errores-de-trafico-que-hacer\/\" class=\"full-slide-link\"> Tr\u00e1mites de tr\u00e1fico: evita errores y ahorra tiempo <\/a>\n          <\/h2>\n          <div class=\"excerpt\">Realizar gestiones relacionadas con veh\u00edculos puede parecer sencillo, pero cualquier error o paso mal dado puede convertirse en un verdadero&hellip;<\/div>\n                    <a class=\"nectar-button large regular extra-color-3 regular-button has-icon\" data-arrow-style=\"default\" href=\"https:\/\/asgestoria.com\/en\/errores-de-trafico-que-hacer\/\" data-color-override=\"false\" data-hover-color-override=\"false\" data-hover-text-color-override=\"#fff\" >\n            <span>Read More<\/span>\n            <i class=\"icon-button-arrow\"><\/i>          <\/a>\n\n        <\/div>\n\n        <\/div>\n\n      <\/div>\n\n    \n  <\/div>\n\t\t\t<\/div> \n\t\t<\/div>\n\t<\/div> \n<\/div><\/div>\n\t\t<div id=\"fws_69e03a0a2c0ae\"  data-column-margin=\"default\" data-midnight=\"dark\"  class=\"wpb_row vc_row-fluid vc_row\"  style=\"padding-top: 0px; padding-bottom: 30px; \"><div class=\"row-bg-wrap\" data-bg-animation=\"none\" data-bg-animation-delay=\"\" data-bg-overlay=\"false\"><div class=\"inner-wrap row-bg-layer\" ><div class=\"row-bg viewport-desktop\"  style=\"\"><\/div><\/div><\/div><div class=\"row_col_wrap_12 col span_12 dark left\">\n\t<div  class=\"vc_col-sm-12 wpb_column column_container vc_column_container col no-extra-padding inherit_tablet inherit_phone\"  data-padding-pos=\"all\" data-has-bg-color=\"false\" data-bg-color=\"\" data-bg-opacity=\"1\" data-animation=\"\" data-delay=\"0\" >\n\t\t<div class=\"vc_column-inner\" >\n\t\t\t<div class=\"wpb_wrapper\">\n\t\t\t\t\n<div class=\"row\">\n\n <div class=\"post-area col featured_img_left span_9\" data-ams=\"\" data-remove-post-date=\"\" data-remove-post-author=\"\" data-remove-post-comment-number=\"\" data-remove-post-nectar-love=\"\"> <div class=\"posts-container\" data-load-animation=\"fade_in_from_bottom\">     \n     \n<article id=\"post-6053\" class=\"post-6053 post type-post status-publish format-standard has-post-thumbnail category-familia\">  \n  <div class=\"inner-wrap animated\">\n    <div class=\"post-content\">\n      <div class=\"article-content-wrap\">\n        <div class=\"post-featured-img-wrap\">\n          <a href=\"https:\/\/asgestoria.com\/en\/herencias-y-testamentos-en-espana-todo-lo-que-debes-saber-para-evitar-conflictos-familiares\/\" aria-label=\"Herencias y testamentos en Espa\u00f1a: todo lo que debes saber para evitar conflictos familiares\"><span class=\"post-featured-img\"><img class=\"nectar-lazy wp-post-image skip-lazy\" alt=\"\" height=\"1024\" width=\"1536\" data-nectar-img-src=\"https:\/\/asgestoria.com\/wp-content\/uploads\/2025\/04\/8-900x600.png\" data-nectar-img-srcset=\"https:\/\/asgestoria.com\/wp-content\/uploads\/2025\/04\/8-900x600.png 900w, https:\/\/asgestoria.com\/wp-content\/uploads\/2025\/04\/8-300x200.png 300w, https:\/\/asgestoria.com\/wp-content\/uploads\/2025\/04\/8-1024x683.png 1024w, https:\/\/asgestoria.com\/wp-content\/uploads\/2025\/04\/8-768x512.png 768w, https:\/\/asgestoria.com\/wp-content\/uploads\/2025\/04\/8-18x12.png 18w, https:\/\/asgestoria.com\/wp-content\/uploads\/2025\/04\/8.png 1536w\" sizes=\"(min-width: 690px) 40vw, 100vw\" \/><\/span><\/a>          \n        <\/div>\n        <div class=\"post-content-wrap\">\n          <a class=\"entire-meta-link\" href=\"https:\/\/asgestoria.com\/en\/herencias-y-testamentos-en-espana-todo-lo-que-debes-saber-para-evitar-conflictos-familiares\/\"><span class=\"screen-reader-text\">Herencias y testamentos en Espa\u00f1a: todo lo que debes saber para evitar conflictos familiares<\/span><\/a>\n          <span class=\"meta-category\"><a class=\"familia\" href=\"https:\/\/asgestoria.com\/en\/category\/familia\/\">Familia<\/a><\/span>          \n          <div class=\"post-header\">\n            <h3 class=\"title\"><a href=\"https:\/\/asgestoria.com\/en\/herencias-y-testamentos-en-espana-todo-lo-que-debes-saber-para-evitar-conflictos-familiares\/\"> Herencias y testamentos en Espa\u00f1a: todo lo que debes saber para evitar conflictos familiares<\/a><\/h3>\n          <\/div>\n          \n          <div class=\"excerpt\">El reparto de una herencia es uno de los momentos m\u00e1s delicados dentro de una familia. Si no hay un testamento claro o si existen discrepancias entre los herederos, pueden&hellip;<\/div><div class=\"grav-wrap\"><a href=\"https:\/\/asgestoria.com\/en\/author\/asgestoria\/\"><img alt='ASGestoria' src='https:\/\/secure.gravatar.com\/avatar\/354f7bb0f8fc122f4a8891a0bcf687dd0e0eb4c3d3cdd42714865b53345d384a?s=70&#038;d=mm&#038;r=g' srcset='https:\/\/secure.gravatar.com\/avatar\/354f7bb0f8fc122f4a8891a0bcf687dd0e0eb4c3d3cdd42714865b53345d384a?s=140&#038;d=mm&#038;r=g 2x' class='avatar avatar-70 photo' height='70' width='70' \/><\/a><div class=\"text\"><a href=\"https:\/\/asgestoria.com\/en\/author\/asgestoria\/\" rel=\"author\">ASGestoria<\/a><span>13 April 2025<\/span><\/div><\/div>        <\/div>\n      <\/div>\n    <\/div>\n  <\/div>\n<\/article>     \n     \n<article id=\"post-6051\" class=\"post-6051 post type-post status-publish format-standard has-post-thumbnail category-juridico\">  \n  <div class=\"inner-wrap animated\">\n    <div class=\"post-content\">\n      <div class=\"article-content-wrap\">\n        <div class=\"post-featured-img-wrap\">\n          <a href=\"https:\/\/asgestoria.com\/en\/problemas-legales-descubre-como-un-buen-asesoramiento-juridico-puede-cambiarlo-todo\/\" aria-label=\"\u00bfProblemas Legales? Descubre c\u00f3mo un buen asesoramiento jur\u00eddico puede cambiarlo todo\"><span class=\"post-featured-img\"><img class=\"nectar-lazy wp-post-image skip-lazy\" alt=\"\" height=\"1024\" width=\"1536\" data-nectar-img-src=\"https:\/\/asgestoria.com\/wp-content\/uploads\/2025\/04\/11-900x600.png\" data-nectar-img-srcset=\"https:\/\/asgestoria.com\/wp-content\/uploads\/2025\/04\/11-900x600.png 900w, https:\/\/asgestoria.com\/wp-content\/uploads\/2025\/04\/11-300x200.png 300w, https:\/\/asgestoria.com\/wp-content\/uploads\/2025\/04\/11-1024x683.png 1024w, https:\/\/asgestoria.com\/wp-content\/uploads\/2025\/04\/11-768x512.png 768w, https:\/\/asgestoria.com\/wp-content\/uploads\/2025\/04\/11-18x12.png 18w, https:\/\/asgestoria.com\/wp-content\/uploads\/2025\/04\/11.png 1536w\" sizes=\"(min-width: 690px) 40vw, 100vw\" \/><\/span><\/a>          \n        <\/div>\n        <div class=\"post-content-wrap\">\n          <a class=\"entire-meta-link\" href=\"https:\/\/asgestoria.com\/en\/problemas-legales-descubre-como-un-buen-asesoramiento-juridico-puede-cambiarlo-todo\/\"><span class=\"screen-reader-text\">\u00bfProblemas Legales? Descubre c\u00f3mo un buen asesoramiento jur\u00eddico puede cambiarlo todo<\/span><\/a>\n          <span class=\"meta-category\"><a class=\"juridico\" href=\"https:\/\/asgestoria.com\/en\/category\/juridico\/\">Jur\u00eddico<\/a><\/span>          \n          <div class=\"post-header\">\n            <h3 class=\"title\"><a href=\"https:\/\/asgestoria.com\/en\/problemas-legales-descubre-como-un-buen-asesoramiento-juridico-puede-cambiarlo-todo\/\"> \u00bfProblemas Legales? Descubre c\u00f3mo un buen asesoramiento jur\u00eddico puede cambiarlo todo<\/a><\/h3>\n          <\/div>\n          \n          <div class=\"excerpt\">En el mundo actual, enfrentarse a conflictos legales, contratos o reclamaciones es m\u00e1s habitual de lo que pensamos. Sin embargo, un mal consejo o una gesti\u00f3n deficiente puede costarte tiempo,&hellip;<\/div><div class=\"grav-wrap\"><a href=\"https:\/\/asgestoria.com\/en\/author\/asgestoria\/\"><img alt='ASGestoria' src='https:\/\/secure.gravatar.com\/avatar\/354f7bb0f8fc122f4a8891a0bcf687dd0e0eb4c3d3cdd42714865b53345d384a?s=70&#038;d=mm&#038;r=g' srcset='https:\/\/secure.gravatar.com\/avatar\/354f7bb0f8fc122f4a8891a0bcf687dd0e0eb4c3d3cdd42714865b53345d384a?s=140&#038;d=mm&#038;r=g 2x' class='avatar avatar-70 photo' height='70' width='70' \/><\/a><div class=\"text\"><a href=\"https:\/\/asgestoria.com\/en\/author\/asgestoria\/\" rel=\"author\">ASGestoria<\/a><span>13 April 2025<\/span><\/div><\/div>        <\/div>\n      <\/div>\n    <\/div>\n  <\/div>\n<\/article>     \n     \n<article id=\"post-1\" class=\"post-1 post type-post status-publish format-standard has-post-thumbnail category-trafico\">  \n  <div class=\"inner-wrap animated\">\n    <div class=\"post-content\">\n      <div class=\"article-content-wrap\">\n        <div class=\"post-featured-img-wrap\">\n          <a href=\"https:\/\/asgestoria.com\/en\/errores-de-trafico-que-hacer\/\" aria-label=\"Tr\u00e1mites de tr\u00e1fico: evita errores y ahorra tiempo\"><span class=\"post-featured-img\"><img class=\"nectar-lazy wp-post-image skip-lazy\" alt=\"\" height=\"832\" width=\"1472\" data-nectar-img-src=\"https:\/\/asgestoria.com\/wp-content\/uploads\/2025\/03\/10-900x600.jpg\" data-nectar-img-srcset=\"\" sizes=\"(min-width: 690px) 40vw, 100vw\" \/><\/span><\/a>          \n        <\/div>\n        <div class=\"post-content-wrap\">\n          <a class=\"entire-meta-link\" href=\"https:\/\/asgestoria.com\/en\/errores-de-trafico-que-hacer\/\"><span class=\"screen-reader-text\">Tr\u00e1mites de tr\u00e1fico: evita errores y ahorra tiempo<\/span><\/a>\n          <span class=\"meta-category\"><a class=\"trafico\" href=\"https:\/\/asgestoria.com\/en\/category\/trafico\/\">Tr\u00e1fico<\/a><\/span>          \n          <div class=\"post-header\">\n            <h3 class=\"title\"><a href=\"https:\/\/asgestoria.com\/en\/errores-de-trafico-que-hacer\/\"> Tr\u00e1mites de tr\u00e1fico: evita errores y ahorra tiempo<\/a><\/h3>\n          <\/div>\n          \n          <div class=\"excerpt\">Realizar gestiones relacionadas con veh\u00edculos puede parecer sencillo, pero cualquier error o paso mal dado puede convertirse en un verdadero quebradero de cabeza. Desde AS Servigrup, con m\u00e1s de 20&hellip;<\/div><div class=\"grav-wrap\"><a href=\"https:\/\/asgestoria.com\/en\/author\/asgestoria\/\"><img alt='ASGestoria' src='https:\/\/secure.gravatar.com\/avatar\/354f7bb0f8fc122f4a8891a0bcf687dd0e0eb4c3d3cdd42714865b53345d384a?s=70&#038;d=mm&#038;r=g' srcset='https:\/\/secure.gravatar.com\/avatar\/354f7bb0f8fc122f4a8891a0bcf687dd0e0eb4c3d3cdd42714865b53345d384a?s=140&#038;d=mm&#038;r=g 2x' class='avatar avatar-70 photo' height='70' width='70' \/><\/a><div class=\"text\"><a href=\"https:\/\/asgestoria.com\/en\/author\/asgestoria\/\" rel=\"author\">ASGestoria<\/a><span>28 March 2025<\/span><\/div><\/div>        <\/div>\n      <\/div>\n    <\/div>\n  <\/div>\n<\/article>    \n    <\/div><!--\/posts container-->\n    \n      \n<\/div><!--\/post area-->\n\n  \n  <div id=\"sidebar\" data-nectar-ss=\"true\" class=\"col span_3 col_last\">\n    <div id=\"block-3\" class=\"widget widget_block\">\n<div class=\"wp-block-group is-layout-flow wp-block-group-is-layout-flow\">\n<h2 class=\"wp-block-heading\">Art\u00edculos Recientes<\/h2>\n<\/div>\n<\/div>\t\t\t<div id=\"recent-posts-extra-1\" class=\"widget recent_posts_extra_widget\">\t\t\t\t\t\t\t\n\t\t\t<ul class=\"nectar_blog_posts_recent_extra nectar_widget\" data-style=\"featured-image-left\">\n\t\t\t\t\n\t\t\t<li class=\"has-img\"><a href=\"https:\/\/asgestoria.com\/en\/herencias-y-testamentos-en-espana-todo-lo-que-debes-saber-para-evitar-conflictos-familiares\/\"> <span class=\"popular-featured-img\"><img loading=\"lazy\" decoding=\"async\" width=\"100\" height=\"100\" src=\"https:\/\/asgestoria.com\/wp-content\/uploads\/2025\/04\/8-100x100.png\" class=\"attachment-portfolio-widget size-portfolio-widget wp-post-image\" alt=\"\" title=\"\" srcset=\"https:\/\/asgestoria.com\/wp-content\/uploads\/2025\/04\/8-100x100.png 100w, https:\/\/asgestoria.com\/wp-content\/uploads\/2025\/04\/8-150x150.png 150w, https:\/\/asgestoria.com\/wp-content\/uploads\/2025\/04\/8-140x140.png 140w, https:\/\/asgestoria.com\/wp-content\/uploads\/2025\/04\/8-500x500.png 500w, https:\/\/asgestoria.com\/wp-content\/uploads\/2025\/04\/8-350x350.png 350w, https:\/\/asgestoria.com\/wp-content\/uploads\/2025\/04\/8-1000x1000.png 1000w, https:\/\/asgestoria.com\/wp-content\/uploads\/2025\/04\/8-800x800.png 800w\" sizes=\"auto, (max-width: 100px) 100vw, 100px\" \/><\/span><span class=\"meta-wrap\"><span class=\"post-title\">Herencias y testamentos en Espa\u00f1a: todo lo que debes saber para evitar conflictos familiares<\/span> <span class=\"post-date\">13 April 2025<\/span><\/span><\/a><\/li><li class=\"has-img\"><a href=\"https:\/\/asgestoria.com\/en\/problemas-legales-descubre-como-un-buen-asesoramiento-juridico-puede-cambiarlo-todo\/\"> <span class=\"popular-featured-img\"><img loading=\"lazy\" decoding=\"async\" width=\"100\" height=\"100\" src=\"https:\/\/asgestoria.com\/wp-content\/uploads\/2025\/04\/11-100x100.png\" class=\"attachment-portfolio-widget size-portfolio-widget wp-post-image\" alt=\"\" title=\"\" srcset=\"https:\/\/asgestoria.com\/wp-content\/uploads\/2025\/04\/11-100x100.png 100w, https:\/\/asgestoria.com\/wp-content\/uploads\/2025\/04\/11-150x150.png 150w, https:\/\/asgestoria.com\/wp-content\/uploads\/2025\/04\/11-140x140.png 140w, https:\/\/asgestoria.com\/wp-content\/uploads\/2025\/04\/11-500x500.png 500w, https:\/\/asgestoria.com\/wp-content\/uploads\/2025\/04\/11-350x350.png 350w, https:\/\/asgestoria.com\/wp-content\/uploads\/2025\/04\/11-1000x1000.png 1000w, https:\/\/asgestoria.com\/wp-content\/uploads\/2025\/04\/11-800x800.png 800w\" sizes=\"auto, (max-width: 100px) 100vw, 100px\" \/><\/span><span class=\"meta-wrap\"><span class=\"post-title\">\u00bfProblemas Legales? Descubre c\u00f3mo un buen asesoramiento jur\u00eddico puede cambiarlo todo<\/span> <span class=\"post-date\">13 April 2025<\/span><\/span><\/a><\/li><li class=\"has-img\"><a href=\"https:\/\/asgestoria.com\/en\/errores-de-trafico-que-hacer\/\"> <span class=\"popular-featured-img\"><img loading=\"lazy\" decoding=\"async\" width=\"100\" height=\"100\" src=\"https:\/\/asgestoria.com\/wp-content\/uploads\/2025\/03\/10-100x100.jpg\" class=\"attachment-portfolio-widget size-portfolio-widget wp-post-image\" alt=\"\" title=\"\" srcset=\"https:\/\/asgestoria.com\/wp-content\/uploads\/2025\/03\/10-100x100.jpg 100w, https:\/\/asgestoria.com\/wp-content\/uploads\/2025\/03\/10-150x150.jpg 150w, https:\/\/asgestoria.com\/wp-content\/uploads\/2025\/03\/10-140x140.jpg 140w, https:\/\/asgestoria.com\/wp-content\/uploads\/2025\/03\/10-500x500.jpg 500w, https:\/\/asgestoria.com\/wp-content\/uploads\/2025\/03\/10-350x350.jpg 350w, https:\/\/asgestoria.com\/wp-content\/uploads\/2025\/03\/10-800x800.jpg 800w\" sizes=\"auto, (max-width: 100px) 100vw, 100px\" \/><\/span><span class=\"meta-wrap\"><span class=\"post-title\">Tr\u00e1mites de tr\u00e1fico: evita errores y ahorra tiempo<\/span> <span class=\"post-date\">28 March 2025<\/span><\/span><\/a><\/li>\t\t\t<\/ul>\n\t\t\t<\/div>\t  <\/div><!--\/span_3-->\n \n<\/div>\n\n\n\t\t\t<\/div> \n\t\t<\/div>\n\t<\/div> \n<\/div><\/div>","protected":false},"excerpt":{"rendered":"Realizar gestiones relacionadas con veh\u00edculos puede parecer sencillo, pero cualquier error o paso mal dado puede convertirse en un verdadero quebradero de cabeza. Desde AS Servigrup, con m\u00e1s de 20...","protected":false},"author":1,"featured_media":0,"parent":0,"menu_order":0,"comment_status":"closed","ping_status":"closed","template":"","meta":{"footnotes":""},"class_list":["post-209","page","type-page","status-publish"],"yoast_head":"<!-- This site is optimized with the Yoast SEO plugin v26.8 - https:\/\/yoast.com\/product\/yoast-seo-wordpress\/ -->\n<title>Blog - AS Gestor\u00eda<\/title>\n<meta name=\"description\" content=\"En esta secci\u00f3n encontraras art\u00edculos legales con soluciones a los problemas de tu d\u00eda a d\u00eda por parte de AS Servigrup.\" \/>\n<meta name=\"robots\" content=\"index, follow, max-snippet:-1, max-image-preview:large, max-video-preview:-1\" \/>\n<link rel=\"canonical\" href=\"https:\/\/asgestoria.com\/en\/articulos-legales\/\" \/>\n<meta property=\"og:locale\" content=\"en_GB\" \/>\n<meta property=\"og:type\" content=\"article\" \/>\n<meta property=\"og:title\" content=\"Blog - AS Gestor\u00eda\" \/>\n<meta property=\"og:description\" content=\"En esta secci\u00f3n encontraras art\u00edculos legales con soluciones a los problemas de tu d\u00eda a d\u00eda por parte de AS Servigrup.\" \/>\n<meta property=\"og:url\" content=\"https:\/\/asgestoria.com\/en\/articulos-legales\/\" \/>\n<meta property=\"og:site_name\" content=\"AS Gestor\u00eda\" \/>\n<meta property=\"article:modified_time\" content=\"2025-05-15T12:43:26+00:00\" \/>\n<meta name=\"twitter:card\" content=\"summary_large_image\" \/>\n<script type=\"application\/ld+json\" class=\"yoast-schema-graph\">{\"@context\":\"https:\/\/schema.org\",\"@graph\":[{\"@type\":\"WebPage\",\"@id\":\"https:\/\/asgestoria.com\/articulos-legales\/\",\"url\":\"https:\/\/asgestoria.com\/articulos-legales\/\",\"name\":\"Blog - AS Gestor\u00eda\",\"isPartOf\":{\"@id\":\"https:\/\/asgestoria.com\/#website\"},\"datePublished\":\"2017-09-01T18:44:54+00:00\",\"dateModified\":\"2025-05-15T12:43:26+00:00\",\"description\":\"En esta secci\u00f3n encontraras art\u00edculos legales con soluciones a los problemas de tu d\u00eda a d\u00eda por parte de AS Servigrup.\",\"breadcrumb\":{\"@id\":\"https:\/\/asgestoria.com\/articulos-legales\/#breadcrumb\"},\"inLanguage\":\"en-GB\",\"potentialAction\":[{\"@type\":\"ReadAction\",\"target\":[\"https:\/\/asgestoria.com\/articulos-legales\/\"]}]},{\"@type\":\"BreadcrumbList\",\"@id\":\"https:\/\/asgestoria.com\/articulos-legales\/#breadcrumb\",\"itemListElement\":[{\"@type\":\"ListItem\",\"position\":1,\"name\":\"Portada\",\"item\":\"https:\/\/asgestoria.com\/\"},{\"@type\":\"ListItem\",\"position\":2,\"name\":\"Blog\"}]},{\"@type\":\"WebSite\",\"@id\":\"https:\/\/asgestoria.com\/#website\",\"url\":\"https:\/\/asgestoria.com\/\",\"name\":\"AS Gestor\u00eda\",\"description\":\"Servicios Jur\u00eddicos especializados en tr\u00e1fico, jur\u00eddico y familia.\",\"publisher\":{\"@id\":\"https:\/\/asgestoria.com\/#organization\"},\"potentialAction\":[{\"@type\":\"SearchAction\",\"target\":{\"@type\":\"EntryPoint\",\"urlTemplate\":\"https:\/\/asgestoria.com\/?s={search_term_string}\"},\"query-input\":{\"@type\":\"PropertyValueSpecification\",\"valueRequired\":true,\"valueName\":\"search_term_string\"}}],\"inLanguage\":\"en-GB\"},{\"@type\":\"Organization\",\"@id\":\"https:\/\/asgestoria.com\/#organization\",\"name\":\"AS Servigrup Jur\u00eddico\",\"url\":\"https:\/\/asgestoria.com\/\",\"logo\":{\"@type\":\"ImageObject\",\"inLanguage\":\"en-GB\",\"@id\":\"https:\/\/asgestoria.com\/#\/schema\/logo\/image\/\",\"url\":\"https:\/\/asgestoria.com\/wp-content\/uploads\/2025\/04\/cropped-logo-servigroup-512.png\",\"contentUrl\":\"https:\/\/asgestoria.com\/wp-content\/uploads\/2025\/04\/cropped-logo-servigroup-512.png\",\"width\":512,\"height\":512,\"caption\":\"AS Servigrup Jur\u00eddico\"},\"image\":{\"@id\":\"https:\/\/asgestoria.com\/#\/schema\/logo\/image\/\"}}]}<\/script>\n<!-- \/ Yoast SEO plugin. -->","yoast_head_json":{"title":"Blog - AS Gestor\u00eda","description":"En esta secci\u00f3n encontraras art\u00edculos legales con soluciones a los problemas de tu d\u00eda a d\u00eda por parte de AS Servigrup.","robots":{"index":"index","follow":"follow","max-snippet":"max-snippet:-1","max-image-preview":"max-image-preview:large","max-video-preview":"max-video-preview:-1"},"canonical":"https:\/\/asgestoria.com\/en\/articulos-legales\/","og_locale":"en_GB","og_type":"article","og_title":"Blog - AS Gestor\u00eda","og_description":"En esta secci\u00f3n encontraras art\u00edculos legales con soluciones a los problemas de tu d\u00eda a d\u00eda por parte de AS Servigrup.","og_url":"https:\/\/asgestoria.com\/en\/articulos-legales\/","og_site_name":"AS Gestor\u00eda","article_modified_time":"2025-05-15T12:43:26+00:00","twitter_card":"summary_large_image","schema":{"@context":"https:\/\/schema.org","@graph":[{"@type":"WebPage","@id":"https:\/\/asgestoria.com\/articulos-legales\/","url":"https:\/\/asgestoria.com\/articulos-legales\/","name":"Blog - AS Gestor\u00eda","isPartOf":{"@id":"https:\/\/asgestoria.com\/#website"},"datePublished":"2017-09-01T18:44:54+00:00","dateModified":"2025-05-15T12:43:26+00:00","description":"En esta secci\u00f3n encontraras art\u00edculos legales con soluciones a los problemas de tu d\u00eda a d\u00eda por parte de AS Servigrup.","breadcrumb":{"@id":"https:\/\/asgestoria.com\/articulos-legales\/#breadcrumb"},"inLanguage":"en-GB","potentialAction":[{"@type":"ReadAction","target":["https:\/\/asgestoria.com\/articulos-legales\/"]}]},{"@type":"BreadcrumbList","@id":"https:\/\/asgestoria.com\/articulos-legales\/#breadcrumb","itemListElement":[{"@type":"ListItem","position":1,"name":"Portada","item":"https:\/\/asgestoria.com\/"},{"@type":"ListItem","position":2,"name":"Blog"}]},{"@type":"WebSite","@id":"https:\/\/asgestoria.com\/#website","url":"https:\/\/asgestoria.com\/","name":"AS Gestor\u00eda","description":"Servicios Jur\u00eddicos especializados en tr\u00e1fico, jur\u00eddico y familia.","publisher":{"@id":"https:\/\/asgestoria.com\/#organization"},"potentialAction":[{"@type":"SearchAction","target":{"@type":"EntryPoint","urlTemplate":"https:\/\/asgestoria.com\/?s={search_term_string}"},"query-input":{"@type":"PropertyValueSpecification","valueRequired":true,"valueName":"search_term_string"}}],"inLanguage":"en-GB"},{"@type":"Organization","@id":"https:\/\/asgestoria.com\/#organization","name":"AS Servigrup Jur\u00eddico","url":"https:\/\/asgestoria.com\/","logo":{"@type":"ImageObject","inLanguage":"en-GB","@id":"https:\/\/asgestoria.com\/#\/schema\/logo\/image\/","url":"https:\/\/asgestoria.com\/wp-content\/uploads\/2025\/04\/cropped-logo-servigroup-512.png","contentUrl":"https:\/\/asgestoria.com\/wp-content\/uploads\/2025\/04\/cropped-logo-servigroup-512.png","width":512,"height":512,"caption":"AS Servigrup Jur\u00eddico"},"image":{"@id":"https:\/\/asgestoria.com\/#\/schema\/logo\/image\/"}}]}},"_links":{"self":[{"href":"https:\/\/asgestoria.com\/en\/wp-json\/wp\/v2\/pages\/209","targetHints":{"allow":["GET"]}}],"collection":[{"href":"https:\/\/asgestoria.com\/en\/wp-json\/wp\/v2\/pages"}],"about":[{"href":"https:\/\/asgestoria.com\/en\/wp-json\/wp\/v2\/types\/page"}],"author":[{"embeddable":true,"href":"https:\/\/asgestoria.com\/en\/wp-json\/wp\/v2\/users\/1"}],"replies":[{"embeddable":true,"href":"https:\/\/asgestoria.com\/en\/wp-json\/wp\/v2\/comments?post=209"}],"version-history":[{"count":4,"href":"https:\/\/asgestoria.com\/en\/wp-json\/wp\/v2\/pages\/209\/revisions"}],"predecessor-version":[{"id":6223,"href":"https:\/\/asgestoria.com\/en\/wp-json\/wp\/v2\/pages\/209\/revisions\/6223"}],"wp:attachment":[{"href":"https:\/\/asgestoria.com\/en\/wp-json\/wp\/v2\/media?parent=209"}],"curies":[{"name":"wp","href":"https:\/\/api.w.org\/{rel}","templated":true}]}}