{"id":6016,"date":"2025-04-13T18:03:27","date_gmt":"2025-04-13T16:03:27","guid":{"rendered":"https:\/\/asgestoria.com\/?page_id=6016"},"modified":"2025-05-15T11:41:26","modified_gmt":"2025-05-15T09:41:26","slug":"contacto","status":"publish","type":"page","link":"https:\/\/asgestoria.com\/en\/contacto\/","title":{"rendered":"Contacto"},"content":{"rendered":"<div id=\"fws_69e0296407866\"  data-column-margin=\"none\" data-midnight=\"dark\" data-top-percent=\"6%\" data-bottom-percent=\"6%\"  class=\"wpb_row vc_row-fluid vc_row full-width-section\"  style=\"padding-top: calc(100vw * 0.06); padding-bottom: calc(100vw * 0.06); \"><div class=\"row-bg-wrap\" data-bg-animation=\"none\" data-bg-animation-delay=\"\" data-bg-overlay=\"true\"><div class=\"inner-wrap row-bg-layer using-image\" ><div class=\"row-bg viewport-desktop using-image\"  style=\"background-image: url(https:\/\/asgestoria.com\/wp-content\/uploads\/2025\/04\/bunner_inici.png); background-position: left top; background-repeat: no-repeat; \"><\/div><\/div><div class=\"row-bg-overlay row-bg-layer\" style=\"background: #fe8414; background: linear-gradient(135deg,#fe8414 0%,#d3d3d3 100%);  opacity: 0.5; \"><\/div><\/div><div class=\"row_col_wrap_12 col span_12 dark left\">\n\t<div  class=\"vc_col-sm-7 wpb_column column_container vc_column_container col no-extra-padding inherit_tablet inherit_phone\"  data-padding-pos=\"all\" data-has-bg-color=\"false\" data-bg-color=\"\" data-bg-opacity=\"1\" data-animation=\"\" data-delay=\"0\" >\n\t\t<div class=\"vc_column-inner\" >\n\t\t\t<div class=\"wpb_wrapper\">\n\t\t\t\t<div id=\"fws_69e029640806f\" data-midnight=\"\" data-column-margin=\"default\" class=\"wpb_row vc_row-fluid vc_row inner_row\"  style=\"\"><div class=\"row-bg-wrap\"> <div class=\"row-bg\" ><\/div> <\/div><div class=\"row_col_wrap_12_inner col span_12  left\">\n\t<div style=\"\" class=\"vc_col-sm-12 wpb_column column_container vc_column_container col child_column padding-6-percent inherit_tablet inherit_phone\"  data-using-bg=\"true\" data-shadow=\"small_depth\" data-border-radius=\"15px\" data-padding-pos=\"all\" data-has-bg-color=\"true\" data-bg-color=\"#ffffff\" data-bg-opacity=\"1\" data-animation=\"\" data-delay=\"0\" >\n\t\t<div class=\"vc_column-inner\" ><div class=\"column-bg-overlay-wrap column-bg-layer\" data-bg-animation=\"none\"><div class=\"column-bg-overlay\" style=\"opacity: 1; background-color: #ffffff;\"><\/div><\/div>\n\t\t<div class=\"wpb_wrapper\">\n\t\t\t\n<div class=\"wpb_text_column wpb_content_element\" >\n\t<div class=\"wpb_wrapper\">\n\t\t<h3>Contacto.<\/h3>\n<p>No dudes en contactar con nosotros para cualquier tipo de consulta.<\/p>\n\t<\/div>\n<\/div>\n\n\n\n\n<div class=\"wpcf7 no-js\" id=\"wpcf7-f6067-o1\" lang=\"es-ES\" dir=\"ltr\" data-wpcf7-id=\"6067\">\n<div class=\"screen-reader-response\"><p role=\"status\" aria-live=\"polite\" aria-atomic=\"true\"><\/p> <ul><\/ul><\/div>\n<form action=\"\/en\/wp-json\/wp\/v2\/pages\/6016#wpcf7-f6067-o1\" method=\"post\" class=\"wpcf7-form init\" aria-label=\"Formulario de contacto\" novalidate=\"novalidate\" data-status=\"init\" data-trp-original-action=\"\/en\/wp-json\/wp\/v2\/pages\/6016#wpcf7-f6067-o1\">\n<fieldset class=\"hidden-fields-container\"><input type=\"hidden\" name=\"_wpcf7\" value=\"6067\" \/><input type=\"hidden\" name=\"_wpcf7_version\" value=\"6.1.4\" \/><input type=\"hidden\" name=\"_wpcf7_locale\" value=\"es_ES\" \/><input type=\"hidden\" name=\"_wpcf7_unit_tag\" value=\"wpcf7-f6067-o1\" \/><input type=\"hidden\" name=\"_wpcf7_container_post\" value=\"0\" \/><input type=\"hidden\" name=\"_wpcf7_posted_data_hash\" value=\"\" \/>\n<\/fieldset>\n<div class=\"nombre\">\n\t<p><label> Nombre<br \/>\n<span class=\"wpcf7-form-control-wrap\" data-name=\"your-name\"><input size=\"40\" maxlength=\"400\" class=\"wpcf7-form-control wpcf7-text wpcf7-validates-as-required\" autocomplete=\"name\" aria-required=\"true\" aria-invalid=\"false\" value=\"\" type=\"text\" name=\"your-name\" \/><\/span> <\/label>\n\t<\/p>\n<\/div>\n<div class=\"email\">\n\t<p><label> Email<br \/>\n<span class=\"wpcf7-form-control-wrap\" data-name=\"your-email\"><input size=\"40\" maxlength=\"400\" class=\"wpcf7-form-control wpcf7-email wpcf7-validates-as-required wpcf7-text wpcf7-validates-as-email\" autocomplete=\"email\" aria-required=\"true\" aria-invalid=\"false\" value=\"\" type=\"email\" name=\"your-email\" \/><\/span> <\/label>\n\t<\/p>\n<\/div>\n<div class=\"asunto\">\n\t<p><label> Asunto<br \/>\n<span class=\"wpcf7-form-control-wrap\" data-name=\"your-subject\"><input size=\"40\" maxlength=\"400\" class=\"wpcf7-form-control wpcf7-text wpcf7-validates-as-required\" aria-required=\"true\" aria-invalid=\"false\" value=\"\" type=\"text\" name=\"your-subject\" \/><\/span> <\/label>\n\t<\/p>\n<\/div>\n<p><label> Mensaje<br \/>\n<span class=\"wpcf7-form-control-wrap\" data-name=\"your-message\"><textarea cols=\"40\" rows=\"10\" maxlength=\"2000\" class=\"wpcf7-form-control wpcf7-textarea\" aria-invalid=\"false\" name=\"your-message\"><\/textarea><\/span> <\/label>\n<\/p>\n<p><span class=\"wpcf7-form-control-wrap\" data-name=\"acceptance-304\"><span class=\"wpcf7-form-control wpcf7-acceptance\"><span class=\"wpcf7-list-item\"><label><input type=\"checkbox\" name=\"acceptance-304\" value=\"1\" aria-invalid=\"false\" \/><span class=\"wpcf7-list-item-label\">He le\u00eddo y acepto la <a href=\"\/en\/www.asgestoria.com\/politica-privacidad\/\">Pol\u00edtica de Privacidad*<\/a>.<\/span><\/label><\/span><\/span><\/span>\n<\/p>\n<p><input class=\"wpcf7-form-control wpcf7-submit has-spinner\" type=\"submit\" value=\"Enviar\" \/>\n<\/p><div class=\"wpcf7-response-output\" aria-hidden=\"true\"><\/div>\n<input type=\"hidden\" name=\"trp-form-language\" value=\"en\"\/><\/form>\n<\/div>\n\n\t\t<\/div> \n\t<\/div>\n\t<\/div> \n<\/div><\/div>\n\t\t\t<\/div> \n\t\t<\/div>\n\t<\/div> \n\n\t<div  class=\"vc_col-sm-5 wpb_column column_container vc_column_container col left_padding_desktop_20px\"  data-padding-pos=\"all\" data-has-bg-color=\"false\" data-bg-color=\"\" data-bg-opacity=\"1\" data-animation=\"\" data-delay=\"0\" >\n\t\t<div class=\"vc_column-inner\" >\n\t\t\t<div class=\"wpb_wrapper\">\n\t\t\t\t<div id=\"fws_69e029640b06d\" data-midnight=\"\" data-column-margin=\"90px\" class=\"wpb_row vc_row-fluid vc_row inner_row\"  style=\"\"><div class=\"row-bg-wrap\"> <div class=\"row-bg\" ><\/div> <\/div><div class=\"row_col_wrap_12_inner col span_12  left\">\n\t<div style=\"margin-top: 60px; \" class=\"vc_col-sm-12 wpb_column column_container vc_column_container col child_column padding-1-percent inherit_tablet inherit_phone\"  data-using-bg=\"true\" data-shadow=\"small_depth\" data-border-radius=\"15px\" data-padding-pos=\"all\" data-has-bg-color=\"true\" data-bg-color=\"#ffffff\" data-bg-opacity=\"1\" data-animation=\"\" data-delay=\"0\" >\n\t\t<div class=\"vc_column-inner\" ><div class=\"column-bg-overlay-wrap column-bg-layer\" data-bg-animation=\"none\"><div class=\"column-bg-overlay\" style=\"opacity: 1; background-color: #ffffff;\"><\/div><\/div>\n\t\t<div class=\"wpb_wrapper\">\n\t\t\t\n\t<div class=\"wpb_raw_code wpb_raw_html wpb_content_element\" >\n\t\t<div class=\"wpb_wrapper\">\n\t\t\t<iframe\n  title=\"Mapa de ubicaci\u00f3n de AS Servigrup Jur\u00eddicos\"\n  src=\"https:\/\/www.google.com\/maps\/embed?pb=!1m18!1m12!1m3!1d792.5815371353408!2d-6.086693834082332!3d37.3821185070529!2m3!1f0!2f0!3f0!3m2!1i1024!2i768!4f13.1!3m3!1m2!1s0xa22b368c76c4a4fd%3A0x27c204652ad4d82b!2sAS%20Servigrup%20Juridicos!5e0!3m2!1ses!2ses!4v1744964649030!5m2!1ses!2ses\"\n  width=\"100%\"\n  height=\"600\"\n  style=\"border:0; opacity:1; visibility:visible;\"\n  allowfullscreen\n loading=\"lazy\"\n  referrerpolicy=\"no-referrer-when-downgrade\">\n<\/iframe>\n\n\t\t<\/div>\n\t<\/div>\n\n\t\t<\/div> \n\t<\/div>\n\t<\/div> \n<\/div><\/div>\n\t\t\t<\/div> \n\t\t<\/div>\n\t<\/div> \n<\/div><\/div>","protected":false},"excerpt":{"rendered":"Contacto. No dudes en contactar con nosotros para cualquier tipo de consulta. Nombre Email Asunto Mensaje He le\u00eddo y acepto la Pol\u00edtica de Privacidad*.","protected":false},"author":1,"featured_media":0,"parent":0,"menu_order":0,"comment_status":"closed","ping_status":"closed","template":"","meta":{"footnotes":""},"class_list":["post-6016","page","type-page","status-publish"],"yoast_head":"<!-- This site is optimized with the Yoast SEO plugin v26.8 - https:\/\/yoast.com\/product\/yoast-seo-wordpress\/ -->\n<title>Contacto - AS Gestor\u00eda<\/title>\n<meta name=\"description\" content=\"Ponte en contacto con nuestro equipo de expertos legales de AS Servigrup. Servicios jur\u00eddicos de familia y tr\u00e1fico.\" \/>\n<meta name=\"robots\" content=\"index, follow, max-snippet:-1, max-image-preview:large, max-video-preview:-1\" \/>\n<link rel=\"canonical\" href=\"https:\/\/asgestoria.com\/en\/contacto\/\" \/>\n<meta property=\"og:locale\" content=\"en_GB\" \/>\n<meta property=\"og:type\" content=\"article\" \/>\n<meta property=\"og:title\" content=\"Contacto - AS Gestor\u00eda\" \/>\n<meta property=\"og:description\" content=\"Ponte en contacto con nuestro equipo de expertos legales de AS Servigrup. Servicios jur\u00eddicos de familia y tr\u00e1fico.\" \/>\n<meta property=\"og:url\" content=\"https:\/\/asgestoria.com\/en\/contacto\/\" \/>\n<meta property=\"og:site_name\" content=\"AS Gestor\u00eda\" \/>\n<meta property=\"article:modified_time\" content=\"2025-05-15T09:41:26+00:00\" \/>\n<meta name=\"twitter:card\" content=\"summary_large_image\" \/>\n<meta name=\"twitter:label1\" content=\"Estimated reading time\" \/>\n\t<meta name=\"twitter:data1\" content=\"1 minute\" \/>\n<script type=\"application\/ld+json\" class=\"yoast-schema-graph\">{\"@context\":\"https:\/\/schema.org\",\"@graph\":[{\"@type\":\"WebPage\",\"@id\":\"https:\/\/asgestoria.com\/contacto\/\",\"url\":\"https:\/\/asgestoria.com\/contacto\/\",\"name\":\"Contacto - AS Gestor\u00eda\",\"isPartOf\":{\"@id\":\"https:\/\/asgestoria.com\/#website\"},\"datePublished\":\"2025-04-13T16:03:27+00:00\",\"dateModified\":\"2025-05-15T09:41:26+00:00\",\"description\":\"Ponte en contacto con nuestro equipo de expertos legales de AS Servigrup. Servicios jur\u00eddicos de familia y tr\u00e1fico.\",\"breadcrumb\":{\"@id\":\"https:\/\/asgestoria.com\/contacto\/#breadcrumb\"},\"inLanguage\":\"en-GB\",\"potentialAction\":[{\"@type\":\"ReadAction\",\"target\":[\"https:\/\/asgestoria.com\/contacto\/\"]}]},{\"@type\":\"BreadcrumbList\",\"@id\":\"https:\/\/asgestoria.com\/contacto\/#breadcrumb\",\"itemListElement\":[{\"@type\":\"ListItem\",\"position\":1,\"name\":\"Portada\",\"item\":\"https:\/\/asgestoria.com\/\"},{\"@type\":\"ListItem\",\"position\":2,\"name\":\"Contacto\"}]},{\"@type\":\"WebSite\",\"@id\":\"https:\/\/asgestoria.com\/#website\",\"url\":\"https:\/\/asgestoria.com\/\",\"name\":\"AS Gestor\u00eda\",\"description\":\"Servicios Jur\u00eddicos especializados en tr\u00e1fico, jur\u00eddico y familia.\",\"publisher\":{\"@id\":\"https:\/\/asgestoria.com\/#organization\"},\"potentialAction\":[{\"@type\":\"SearchAction\",\"target\":{\"@type\":\"EntryPoint\",\"urlTemplate\":\"https:\/\/asgestoria.com\/?s={search_term_string}\"},\"query-input\":{\"@type\":\"PropertyValueSpecification\",\"valueRequired\":true,\"valueName\":\"search_term_string\"}}],\"inLanguage\":\"en-GB\"},{\"@type\":\"Organization\",\"@id\":\"https:\/\/asgestoria.com\/#organization\",\"name\":\"AS Servigrup Jur\u00eddico\",\"url\":\"https:\/\/asgestoria.com\/\",\"logo\":{\"@type\":\"ImageObject\",\"inLanguage\":\"en-GB\",\"@id\":\"https:\/\/asgestoria.com\/#\/schema\/logo\/image\/\",\"url\":\"https:\/\/asgestoria.com\/wp-content\/uploads\/2025\/04\/cropped-logo-servigroup-512.png\",\"contentUrl\":\"https:\/\/asgestoria.com\/wp-content\/uploads\/2025\/04\/cropped-logo-servigroup-512.png\",\"width\":512,\"height\":512,\"caption\":\"AS Servigrup Jur\u00eddico\"},\"image\":{\"@id\":\"https:\/\/asgestoria.com\/#\/schema\/logo\/image\/\"}}]}<\/script>\n<!-- \/ Yoast SEO plugin. -->","yoast_head_json":{"title":"Contacto - AS Gestor\u00eda","description":"Ponte en contacto con nuestro equipo de expertos legales de AS Servigrup. Servicios jur\u00eddicos de familia y tr\u00e1fico.","robots":{"index":"index","follow":"follow","max-snippet":"max-snippet:-1","max-image-preview":"max-image-preview:large","max-video-preview":"max-video-preview:-1"},"canonical":"https:\/\/asgestoria.com\/en\/contacto\/","og_locale":"en_GB","og_type":"article","og_title":"Contacto - AS Gestor\u00eda","og_description":"Ponte en contacto con nuestro equipo de expertos legales de AS Servigrup. Servicios jur\u00eddicos de familia y tr\u00e1fico.","og_url":"https:\/\/asgestoria.com\/en\/contacto\/","og_site_name":"AS Gestor\u00eda","article_modified_time":"2025-05-15T09:41:26+00:00","twitter_card":"summary_large_image","twitter_misc":{"Estimated reading time":"1 minute"},"schema":{"@context":"https:\/\/schema.org","@graph":[{"@type":"WebPage","@id":"https:\/\/asgestoria.com\/contacto\/","url":"https:\/\/asgestoria.com\/contacto\/","name":"Contacto - AS Gestor\u00eda","isPartOf":{"@id":"https:\/\/asgestoria.com\/#website"},"datePublished":"2025-04-13T16:03:27+00:00","dateModified":"2025-05-15T09:41:26+00:00","description":"Ponte en contacto con nuestro equipo de expertos legales de AS Servigrup. Servicios jur\u00eddicos de familia y tr\u00e1fico.","breadcrumb":{"@id":"https:\/\/asgestoria.com\/contacto\/#breadcrumb"},"inLanguage":"en-GB","potentialAction":[{"@type":"ReadAction","target":["https:\/\/asgestoria.com\/contacto\/"]}]},{"@type":"BreadcrumbList","@id":"https:\/\/asgestoria.com\/contacto\/#breadcrumb","itemListElement":[{"@type":"ListItem","position":1,"name":"Portada","item":"https:\/\/asgestoria.com\/"},{"@type":"ListItem","position":2,"name":"Contacto"}]},{"@type":"WebSite","@id":"https:\/\/asgestoria.com\/#website","url":"https:\/\/asgestoria.com\/","name":"AS Gestor\u00eda","description":"Servicios Jur\u00eddicos especializados en tr\u00e1fico, jur\u00eddico y familia.","publisher":{"@id":"https:\/\/asgestoria.com\/#organization"},"potentialAction":[{"@type":"SearchAction","target":{"@type":"EntryPoint","urlTemplate":"https:\/\/asgestoria.com\/?s={search_term_string}"},"query-input":{"@type":"PropertyValueSpecification","valueRequired":true,"valueName":"search_term_string"}}],"inLanguage":"en-GB"},{"@type":"Organization","@id":"https:\/\/asgestoria.com\/#organization","name":"AS Servigrup Jur\u00eddico","url":"https:\/\/asgestoria.com\/","logo":{"@type":"ImageObject","inLanguage":"en-GB","@id":"https:\/\/asgestoria.com\/#\/schema\/logo\/image\/","url":"https:\/\/asgestoria.com\/wp-content\/uploads\/2025\/04\/cropped-logo-servigroup-512.png","contentUrl":"https:\/\/asgestoria.com\/wp-content\/uploads\/2025\/04\/cropped-logo-servigroup-512.png","width":512,"height":512,"caption":"AS Servigrup Jur\u00eddico"},"image":{"@id":"https:\/\/asgestoria.com\/#\/schema\/logo\/image\/"}}]}},"_links":{"self":[{"href":"https:\/\/asgestoria.com\/en\/wp-json\/wp\/v2\/pages\/6016","targetHints":{"allow":["GET"]}}],"collection":[{"href":"https:\/\/asgestoria.com\/en\/wp-json\/wp\/v2\/pages"}],"about":[{"href":"https:\/\/asgestoria.com\/en\/wp-json\/wp\/v2\/types\/page"}],"author":[{"embeddable":true,"href":"https:\/\/asgestoria.com\/en\/wp-json\/wp\/v2\/users\/1"}],"replies":[{"embeddable":true,"href":"https:\/\/asgestoria.com\/en\/wp-json\/wp\/v2\/comments?post=6016"}],"version-history":[{"count":13,"href":"https:\/\/asgestoria.com\/en\/wp-json\/wp\/v2\/pages\/6016\/revisions"}],"predecessor-version":[{"id":6236,"href":"https:\/\/asgestoria.com\/en\/wp-json\/wp\/v2\/pages\/6016\/revisions\/6236"}],"wp:attachment":[{"href":"https:\/\/asgestoria.com\/en\/wp-json\/wp\/v2\/media?parent=6016"}],"curies":[{"name":"wp","href":"https:\/\/api.w.org\/{rel}","templated":true}]}}